{"id":3208,"date":"2020-01-14T09:03:58","date_gmt":"2020-01-14T09:03:58","guid":{"rendered":"https:\/\/aslegal.ro\/vastrum\/?page_id=3208"},"modified":"2022-07-31T20:18:05","modified_gmt":"2022-07-31T20:18:05","slug":"protectia-datelor","status":"publish","type":"page","link":"https:\/\/geotechromania.ro\/as\/protectia-datelor\/","title":{"rendered":"Protectia datelor"},"content":{"rendered":"\t\t<div data-elementor-type=\"wp-post\" data-elementor-id=\"3208\" class=\"elementor elementor-3208\" data-elementor-settings=\"[]\">\n\t\t\t\t\t\t<div class=\"elementor-inner\">\n\t\t\t\t\t\t\t<div class=\"elementor-section-wrap\">\n\t\t\t\t\t\t\t<section class=\"elementor-section elementor-top-section elementor-element elementor-element-9200dcd elementor-section-boxed elementor-section-height-default elementor-section-height-default\" data-id=\"9200dcd\" data-element_type=\"section\" data-settings=\"{&quot;background_background&quot;:&quot;classic&quot;}\">\n\t\t\t\t\t\t<div class=\"elementor-container elementor-column-gap-default\">\n\t\t\t\t\t\t\t<div class=\"elementor-row\">\n\t\t\t\t\t<div class=\"elementor-column elementor-col-100 elementor-top-column elementor-element elementor-element-cef9171\" data-id=\"cef9171\" data-element_type=\"column\">\n\t\t\t<div class=\"elementor-column-wrap elementor-element-populated\">\n\t\t\t\t\t\t\t<div class=\"elementor-widget-wrap\">\n\t\t\t\t\t\t<div class=\"elementor-element elementor-element-146ec29 elementor-widget elementor-widget-heading\" data-id=\"146ec29\" data-element_type=\"widget\" data-widget_type=\"heading.default\">\n\t\t\t\t<div class=\"elementor-widget-container\">\n\t\t\t<h1 class=\"elementor-heading-title elementor-size-default elementor-heading-title elementor-size-default elementor-align-after-center\">Protectia datelor<\/h1>\t\t<\/div>\n\t\t\t\t<\/div>\n\t\t\t\t\t\t<\/div>\n\t\t\t\t\t<\/div>\n\t\t<\/div>\n\t\t\t\t\t\t\t\t<\/div>\n\t\t\t\t\t<\/div>\n\t\t<\/section>\n\t\t\t\t<section class=\"elementor-section elementor-top-section elementor-element elementor-element-10b3474 elementor-section-boxed elementor-section-height-default elementor-section-height-default\" data-id=\"10b3474\" data-element_type=\"section\">\n\t\t\t\t\t\t<div class=\"elementor-container elementor-column-gap-default\">\n\t\t\t\t\t\t\t<div class=\"elementor-row\">\n\t\t\t\t\t<div class=\"elementor-column elementor-col-100 elementor-top-column elementor-element elementor-element-988c61c elementor-invisible\" data-id=\"988c61c\" data-element_type=\"column\" data-settings=\"{&quot;animation&quot;:&quot;fadeIn&quot;,&quot;animation_delay&quot;:200}\">\n\t\t\t<div class=\"elementor-column-wrap elementor-element-populated\">\n\t\t\t\t\t\t\t<div class=\"elementor-widget-wrap\">\n\t\t\t\t\t\t<div class=\"elementor-element elementor-element-9cdd897 elementor-widget elementor-widget-text-editor\" data-id=\"9cdd897\" data-element_type=\"widget\" data-widget_type=\"text-editor.default\">\n\t\t\t\t<div class=\"elementor-widget-container\">\n\t\t\t\t\t\t\t\t<div class=\"elementor-text-editor elementor-clearfix\">\n\t\t\t\t<p><span style=\"font-weight: 400;\">Urmatoarea informare este conceputa pentru a va aduce la cunostinta aspectele cu privire la prelucrarea datelor dvs. personale si la drepturile dvs. privind aceasta prelucrare in conformitate cu Regulamentul general 2016\/679 privind protectia datelor (\u201cGDPR\u201d) si legislatia nationala in vigoare.<\/span><\/p><p><span style=\"font-weight: 400;\">Folosirea acestui site (vizitarea sau cererea de oferte), implica acceptarea unor termeni si conditii.<\/span><\/p><p>Societatea GEVA SOIL WORKS SRL reprezenta operatorul \u00een conformitate cu G.D.P.R.<\/p><p><span style=\"font-weight: 400;\">Datele de contact ale responsabilului Societatii cu protectia datelor sunt e-mail: geotechromania@yahoo.com<\/span><span style=\"font-weight: 400;\">, telefon 0756.029.296<\/span><\/p><p><b>Declaratie de Consimtamant cu privire la prelucrarea datelor personale.<\/b><\/p><p><b>Sunt de acord ca:<\/b><\/p><p><span style=\"font-weight: 400;\">\u2013 prin bifarea \u201eTermeni \u0219i condi\u021bii\u201d la Cererea de ofert\u0103 din formularul on-line,<\/span><\/p><p><span style=\"font-weight: 400;\">\u2013 prin bifarea \u201eTermeni \u0219i condi\u021bii\u201d din formularul on-line pentru abonare pentru Abonare Newsletter,<\/span><\/p><p><span style=\"font-weight: 400;\">\u2013 sau prin acceptare cookies,<\/span><\/p><p>Societatea GEVA SOIL WORKS SRL (\u201eSocietatea\u201d) cu sediul in Intr. Preot Ioan Bucur nr. 34, Com. Dasc\u0103lu, Ilfov,\u00a0 \u00eenregistrata la Oficiul National al Registrului Comertului sub nr. J23\/2823\/2012, av\u00e2nd CUI RO 30739111 sa fie autorizata sa proceseze datele mele personale: nume, prenume, adresa de e-mail, nr. de telefon, Pe langa aceste informatii cu caracter personal, care ma pot identifica in mod direct, sunt de acord sa se colecteze si informatii ce nu ma pot identifica personal \u2013 informatii care se refera, de regula, la computerul sau dispozitivul mobil de pe care accesez serviciile www.gevasoilworks.ro. Aceste informatii pot include, printre altele, adresa IP, informatii despre conexiunea la Internet,<\/p><p><span style=\"font-weight: 400;\">in urmatoarele conditii:<\/span><\/p><p><b>Scopul prelucrarii<\/b><\/p><p><span style=\"font-weight: 400;\">Societatea prelucreaza datele dvs. cu caracter personal in urmatoarele scopuri:<\/span><\/p><ul><li style=\"font-weight: 400;\" aria-level=\"1\"><span style=\"font-weight: 400;\">in scopul furnizarii de produse \/ prestari servicii din domeniul materialelor seriviciilor de contabilitate si consultanta;<\/span><\/li><li style=\"font-weight: 400;\" aria-level=\"1\"><span style=\"font-weight: 400;\">in vederea indeplinirii obligatiilor legale ale Societatii;<\/span><\/li><li style=\"font-weight: 400;\" aria-level=\"1\"><span style=\"font-weight: 400;\">in scopul urmaririi intereselor legitime ale Societatii;<\/span><\/li><li style=\"font-weight: 400;\" aria-level=\"1\"><span style=\"font-weight: 400;\">furnizarea de informatii cu privire la oferte comerciale.<\/span><\/li><\/ul><p><b>Temeiul juridic al prelucrarii<\/b><\/p><p><span style=\"font-weight: 400;\">Baza legala pentru colectarea si procesarea datelor dumneavoastra pentru fiecare din scopurile mentionate mai sus este:<\/span><\/p><p><span style=\"font-weight: 400;\">contractul de furnizare sau prestari servicii la care dumneavoastra sunteti parte sau cererea dumneavoastra inainte de incheierea unui contract;<\/span><\/p><ul><li style=\"font-weight: 400;\" aria-level=\"1\"><span style=\"font-weight: 400;\">indeplinirea unei obligatii legale;<\/span><\/li><li style=\"font-weight: 400;\" aria-level=\"1\"><span style=\"font-weight: 400;\">interesul legitim al Societatii pentru a ne permite exercitarea drepturilor prevazute de lege in favoarea noastra, pentru a actiona in justitie contra oricerei activitati ilegale sau care prejudiciaza Societatea, in plus, \u00een masura \u00een care ati fost de acord, consimtamantul dumneavoastra. Prelucrarea datelor cu caracter personal \u00een baza consimtamantului reprezinta un scop aditional prelucrarii datelor personale \u00een vederea executarii contractului la care sunteti parte si nu conditioneaza furnizarea\/prestarea serviciilor contractuale.<\/span><\/li><\/ul><p><b>Categoriile de destinatari catre care se pot divulga datele personale colectate:<\/b><\/p><p><span style=\"font-weight: 400;\">Pentru a atinge scopurile mai sus prevazute, utilizam urmatoarele categorii de furnizori de produse si servicii\/ imputerniciti :<\/span><\/p><p><span style=\"font-weight: 400;\">autoritatile statului (inclusiv autoritati fiscale);<\/span><\/p><ul><li><span style=\"font-weight: 400;\">contabili, auditori, experti judiciari, avocati sau alti asemenea consilieri externi ai Societatii sau catre terte persoane care furnizeaza produse si servicii companiei (furnizorii de servicii de paza, de sisteme IT, consultanti financiari)<\/span><\/li><li><span style=\"font-weight: 400;\">furnizorii Societatii implicati in mod direct\/indirect in procesul de marketing si promovare.<\/span><\/li><\/ul><p><b>Durata pastrarii<\/b><\/p><p><span style=\"font-weight: 400;\">Datele Dumneavoastra personale vor fi pastrate de Societate pentru o perioada care nu depaseste perioada necesara pentru a atinge scopurile descrise mai sus si\/sau pentru orice alta durata necesara \u00een virtutea obligatiilor legale aplicabile Societatii.<\/span><\/p><p><b>Drepturile dumneavoastra<\/b><\/p><p><span style=\"font-weight: 400;\">Regulamentul confera persoanelor carora li se prelucreaza date personale o serie de drepturi. Astfel, pe l\u00e2nga drepturile existente \u00een prezent, regasim si dreptul la portabilitatea datelor si pe cel de stergere a datelor. Pe scurt, drepturile pe care le aveti:<\/span><\/p><p><span style=\"font-weight: 400;\">Dreptul de a retrage oric\u00e2nd un consimtam\u00e2nt dat \u00een vederea opririi unei prelucrari a datelor care se bazeaza pe consimtam\u00e2ntul dvs. Retragerea nu va afecta legalitatea prelucrarii pe baza consimtam\u00e2ntului acordat \u00eenainte de retragere, pentru executarea unui contract, in vederea indeplinirii unei obligatii legale sau in scopul urmaririi intereselor noastre legitime.<\/span><\/p><p><span style=\"font-weight: 400;\">Dreptul de acces \u2013 \u00eenseamna ca aveti dreptul de a obtine o confirmare din partea noastra ca prelucram sau nu datele cu caracter personal care va privesc si, \u00een caz afirmativ, aveti acces la datele respective si la informatiile privind modalitatea \u00een care sunt prelucrate aceste date.<\/span><\/p><p><span style=\"font-weight: 400;\">Dreptul la portabilitatea datelor \u2013 se refera la dreptul de a primi datele personale \u00eentr-un format structurat, utilizat \u00een mod curent de catre noi si care poate fi citit automat, dar si la dreptul ca aceste date sa fie transmise direct altui operator, daca acest lucru este fezabil din punct de vedere tehnic.<\/span><\/p><p><span style=\"font-weight: 400;\">Dreptul la opozitie \u2013 vizeaza dreptul dumneavoastra de a va opune prelucrarii datelor personale atunci c\u00e2nd prelucrarea este necesara pentru \u00eendeplinirea unei sarcini care serveste unui interes public sau c\u00e2nd are \u00een vedere un interes legitim al operatorului. Atunci c\u00e2nd prelucrarea datelor cu caracter personal are drept scop marketingul direct sau prelucrari efectuate \u00een baza consimtam\u00e2ntului expres, aveti dreptul de a va opune prelucrarii \u00een orice moment.<\/span><\/p><p><span style=\"font-weight: 400;\">Dreptul la rectificare \u2013 se refera la corectarea, fara \u00eent\u00e2rzieri nejustificate, a datelor cu caracter personal inexacte. Rectificarea va fi comunicata fiecarui destinatar la care au fost transmise datele, cu exceptia cazului \u00een care acest lucru se dovedeste imposibil sau presupune eforturi disproportionate.<\/span><\/p><p><span style=\"font-weight: 400;\">Dreptul la stergerea datelor (\u201cdreptul de a fi uitat\u201d) \u2013 \u00eenseamna ca aveti dreptul de a solicita stergerea datelor cu caracter personal, fara \u00eent\u00e2rzieri nejustificate, \u00een cazul \u00een care se aplica unul dintre urmatoarele motive: acestea nu mai sunt necesare pentru \u00eendeplinirea scopurilor pentru care au fost colectate sau prelucrate; va retrageti consimtam\u00e2ntul si nu exista niciun alt temei juridic pentru prelucrare; va opuneti prelucrarii si nu exista alte motive legitime care sa prevaleze; datele cu caracter personal au fost prelucrate ilegal; datele cu caracter personal trebuie sterse pentru respectarea unei obligatii legale; datele cu caracter personal au fost colectate \u00een legatura cu oferirea de servicii ale societatii informationale.<\/span><\/p><p><span style=\"font-weight: 400;\">Dreptul la restrictionarea prelucrarii \u2013 poate fi exercitat \u00een cazul \u00een care persoana contesta exactitatea datelor, pe o perioada necesara verificarii corectitudinii datelor; prelucrarea este ilegala, iar dumneavoastra va opuneti stergerii datelor cu caracter personal, solicit\u00e2nd \u00een schimb restrictionarea; \u00een cazul \u00een care Societatea GEVA SOIL WORKS SRL. nu mai are nevoie de datele cu caracter personal \u00een scopul prelucrarii, dar persoana i le solicita pentru constatarea, exercitarea sau apararea unui drept \u00een instanta; \u00een cazul \u00een care persoana s-a opus prelucrarii pentru intervalul de timp \u00een care se verifica daca drepturile legitime ale operatorului prevaleaza asupra celor ale persoanei respective.<\/span><\/p><p><span style=\"font-weight: 400;\">Dreptul de a depune o plangere \u2013 pl\u00e2ngeri referitoare la prelucrarea datelor personale pot fi adresate Autoritatii Nationale de Supraveghere a Prelucrarii Datelor cu Caracter Personal. Pentru exercitarea acestor drepturi, precum si pentru orice intrebari suplimentare cu privire la aceasta informare sau in legatura cu utilizarea de catre Societate a datelor personale, va rugam sa contactati ofiterul nostru pentru protectia datelor, alegand oricare din modalitatile de comunicare descrise mai jos.<\/span><\/p><p><b>Ne puteti contacta:<\/b><\/p><ul><li><span style=\"font-weight: 400;\">Prin email \u2013 la adresa: geotechromania@yahoo.com,<\/span><\/li><li>Personal sau printr-o cerere trimisa prin posta \u2013 la Punctul de lucru al Societatii (Intr. Preot Ioan Bucur nr. 34, Com. Dasc\u0103lu, Ilfov);<\/li><li><span style=\"font-weight: 400;\">Telefonic \u2013 la numarul: 0756.029.296<\/span><\/li><\/ul>\t\t\t\t\t<\/div>\n\t\t\t\t\t\t<\/div>\n\t\t\t\t<\/div>\n\t\t\t\t\t\t<\/div>\n\t\t\t\t\t<\/div>\n\t\t<\/div>\n\t\t\t\t\t\t\t\t<\/div>\n\t\t\t\t\t<\/div>\n\t\t<\/section>\n\t\t\t\t\t\t<\/div>\n\t\t\t\t\t\t<\/div>\n\t\t\t\t\t<\/div>\n\t\t","protected":false},"excerpt":{"rendered":"<p>Protectia datelor Urmatoarea informare este conceputa pentru a va aduce la cunostinta aspectele cu privire la prelucrarea datelor&#8230;<\/p>\n","protected":false},"author":1,"featured_media":0,"parent":0,"menu_order":0,"comment_status":"closed","ping_status":"closed","template":"elementor_header_footer","meta":[],"_links":{"self":[{"href":"https:\/\/geotechromania.ro\/as\/wp-json\/wp\/v2\/pages\/3208"}],"collection":[{"href":"https:\/\/geotechromania.ro\/as\/wp-json\/wp\/v2\/pages"}],"about":[{"href":"https:\/\/geotechromania.ro\/as\/wp-json\/wp\/v2\/types\/page"}],"author":[{"embeddable":true,"href":"https:\/\/geotechromania.ro\/as\/wp-json\/wp\/v2\/users\/1"}],"replies":[{"embeddable":true,"href":"https:\/\/geotechromania.ro\/as\/wp-json\/wp\/v2\/comments?post=3208"}],"version-history":[{"count":29,"href":"https:\/\/geotechromania.ro\/as\/wp-json\/wp\/v2\/pages\/3208\/revisions"}],"predecessor-version":[{"id":11856,"href":"https:\/\/geotechromania.ro\/as\/wp-json\/wp\/v2\/pages\/3208\/revisions\/11856"}],"wp:attachment":[{"href":"https:\/\/geotechromania.ro\/as\/wp-json\/wp\/v2\/media?parent=3208"}],"curies":[{"name":"wp","href":"https:\/\/api.w.org\/{rel}","templated":true}]}}