{"id":12189,"date":"2022-08-03T09:43:27","date_gmt":"2022-08-03T09:43:27","guid":{"rendered":"https:\/\/geotechromania.ro\/as\/?page_id=12189"},"modified":"2022-08-03T09:54:30","modified_gmt":"2022-08-03T09:54:30","slug":"parcuri-fotovoltaice","status":"publish","type":"page","link":"https:\/\/geotechromania.ro\/as\/parcuri-fotovoltaice\/","title":{"rendered":"Parcuri fotovoltaice"},"content":{"rendered":"\t\t<div data-elementor-type=\"wp-post\" data-elementor-id=\"12189\" class=\"elementor elementor-12189\" data-elementor-settings=\"[]\">\n\t\t\t\t\t\t<div class=\"elementor-inner\">\n\t\t\t\t\t\t\t<div class=\"elementor-section-wrap\">\n\t\t\t\t\t\t\t<section class=\"elementor-section elementor-top-section elementor-element elementor-element-d19ae86 elementor-section-boxed elementor-section-height-default elementor-section-height-default\" data-id=\"d19ae86\" data-element_type=\"section\" data-settings=\"{&quot;background_background&quot;:&quot;classic&quot;}\">\n\t\t\t\t\t\t<div class=\"elementor-container elementor-column-gap-default\">\n\t\t\t\t\t\t\t<div class=\"elementor-row\">\n\t\t\t\t\t<div class=\"elementor-column elementor-col-100 elementor-top-column elementor-element elementor-element-101231e\" data-id=\"101231e\" data-element_type=\"column\">\n\t\t\t<div class=\"elementor-column-wrap elementor-element-populated\">\n\t\t\t\t\t\t\t<div class=\"elementor-widget-wrap\">\n\t\t\t\t\t\t<div class=\"elementor-element elementor-element-992d840 elementor-widget elementor-widget-heading\" data-id=\"992d840\" data-element_type=\"widget\" data-widget_type=\"heading.default\">\n\t\t\t\t<div class=\"elementor-widget-container\">\n\t\t\t<h1 class=\"elementor-heading-title elementor-size-default elementor-heading-title elementor-size-default elementor-align-after-center\">ENERGIE REGENERABIL\u0102<\/h1>\t\t<\/div>\n\t\t\t\t<\/div>\n\t\t\t\t<div class=\"elementor-element elementor-element-5665f23 elementor-widget elementor-widget-heading\" data-id=\"5665f23\" data-element_type=\"widget\" data-widget_type=\"heading.default\">\n\t\t\t\t<div class=\"elementor-widget-container\">\n\t\t\t<h4 class=\"elementor-heading-title elementor-size-default elementor-heading-title elementor-size-default elementor-align-after-center\">PROIECTARE \u0218I EXECU\u021aIE INSTALA\u021aII ELECTRICE<\/h4>\t\t<\/div>\n\t\t\t\t<\/div>\n\t\t\t\t\t\t<\/div>\n\t\t\t\t\t<\/div>\n\t\t<\/div>\n\t\t\t\t\t\t\t\t<\/div>\n\t\t\t\t\t<\/div>\n\t\t<\/section>\n\t\t\t\t<section class=\"elementor-section elementor-top-section elementor-element elementor-element-cbaced3 elementor-section-boxed elementor-section-height-default elementor-section-height-default\" data-id=\"cbaced3\" data-element_type=\"section\" data-settings=\"{&quot;background_background&quot;:&quot;classic&quot;}\">\n\t\t\t\t\t\t\t<div class=\"elementor-background-overlay\"><\/div>\n\t\t\t\t\t\t\t<div class=\"elementor-container elementor-column-gap-default\">\n\t\t\t\t\t\t\t<div class=\"elementor-row\">\n\t\t\t\t\t<div class=\"elementor-column elementor-col-100 elementor-top-column elementor-element elementor-element-fdecf45\" data-id=\"fdecf45\" data-element_type=\"column\">\n\t\t\t<div class=\"elementor-column-wrap elementor-element-populated\">\n\t\t\t\t\t\t\t<div class=\"elementor-widget-wrap\">\n\t\t\t\t\t\t<section class=\"elementor-section elementor-inner-section elementor-element elementor-element-77ab7a8 elementor-section-boxed elementor-section-height-default elementor-section-height-default\" data-id=\"77ab7a8\" data-element_type=\"section\">\n\t\t\t\t\t\t<div class=\"elementor-container elementor-column-gap-default\">\n\t\t\t\t\t\t\t<div class=\"elementor-row\">\n\t\t\t\t\t<div class=\"elementor-column elementor-col-50 elementor-inner-column elementor-element elementor-element-df00dac\" data-id=\"df00dac\" data-element_type=\"column\" data-settings=\"{&quot;background_background&quot;:&quot;classic&quot;}\">\n\t\t\t<div class=\"elementor-column-wrap elementor-element-populated\">\n\t\t\t\t\t\t\t<div class=\"elementor-widget-wrap\">\n\t\t\t\t\t\t<div class=\"elementor-element elementor-element-55e8c0a elementor-widget elementor-widget-heading\" data-id=\"55e8c0a\" data-element_type=\"widget\" data-widget_type=\"heading.default\">\n\t\t\t\t<div class=\"elementor-widget-container\">\n\t\t\t<p class=\"elementor-heading-title elementor-size-default elementor-heading-title elementor-size-default\">PARC FOTOVOLTAIC 4MW \u2013 jud. Ialomita<\/p>\t\t<\/div>\n\t\t\t\t<\/div>\n\t\t\t\t<div class=\"elementor-element elementor-element-2900514 elementor-widget elementor-widget-text-editor\" data-id=\"2900514\" data-element_type=\"widget\" data-widget_type=\"text-editor.default\">\n\t\t\t\t<div class=\"elementor-widget-container\">\n\t\t\t\t\t\t\t\t<div class=\"elementor-text-editor elementor-clearfix\">\n\t\t\t\t<div class=\"elementor-element elementor-element-1651bce elementor-widget elementor-widget-text-editor\" data-id=\"1651bce\" data-element_type=\"widget\" data-widget_type=\"text-editor.default\"><div class=\"elementor-widget-container\"><div class=\"elementor-text-editor elementor-clearfix\"><p><b>Parametri tehnici<\/b><\/p><\/div><\/div><\/div><div class=\"elementor-element elementor-element-27fa6e1 elementor-widget elementor-widget-text-editor\" data-id=\"27fa6e1\" data-element_type=\"widget\" data-widget_type=\"text-editor.default\"><div class=\"elementor-widget-container\"><div class=\"elementor-text-editor elementor-clearfix\"><p><strong>Puterea instalat\u0103 a parcului fotovoltaic \u2013 4,0 MW \/ 4,0 MVA.<\/strong><\/p><ul><li><strong><em>puterea maxim debitat\u0103 de centrala fotovoltaic\u0103:<\/em><\/strong><\/li><\/ul><p><strong><em>P<sub>max deb\u00a0<\/sub>= 4000 kW \/ 4000 kVA<\/em><\/strong><\/p><p><strong><em>Evacuarea energiei produse se \u00a0realizeaza prin:<\/em><\/strong><\/p><p><strong><em>\u2013 40 invertoare cu Pi= 100kWp;<\/em><\/strong><\/p><p><strong><em>\u2013 4 cabine de transformatoare 2 x 630 kVA, 0,4 \/ 20 kV;<\/em><\/strong><\/p><p><strong><em>Consum propriu tehnologic P<sub>cteh<\/sub>\u00a0= 13 kW \/\u00a0 14,13 kVA<\/em><\/strong><\/p><ul><li><strong><em>servicii auxiliare P<sub>i<\/sub>\u00a0= 20 kW<\/em><\/strong><\/li><\/ul><p><strong><em>P<sub>max.abs<\/sub>\u00a0= 15 kW \/ S<sub>abs.abs<\/sub>\u00a0= 16,3 kVA<\/em><\/strong><\/p><\/div><\/div><\/div>\t\t\t\t\t<\/div>\n\t\t\t\t\t\t<\/div>\n\t\t\t\t<\/div>\n\t\t\t\t<div class=\"elementor-element elementor-element-2d230fd elementor-widget elementor-widget-text-editor\" data-id=\"2d230fd\" data-element_type=\"widget\" data-widget_type=\"text-editor.default\">\n\t\t\t\t<div class=\"elementor-widget-container\">\n\t\t\t\t\t\t\t\t<div class=\"elementor-text-editor elementor-clearfix\">\n\t\t\t\t<div class=\"elementor-element elementor-element-1651bce elementor-widget elementor-widget-text-editor\" data-id=\"1651bce\" data-element_type=\"widget\" data-widget_type=\"text-editor.default\"><div class=\"elementor-widget-container\"><div class=\"elementor-text-editor elementor-clearfix\"><p><strong>Sta\u0163ia de transformare 110\/20kV Buc\u015fa<\/strong><\/p><p><strong>Transformator 1 &#8211; baza<\/strong><\/p><p>Puterea aparenta \u2013 1x 25 MVA<\/p><p>Raport de transformare \u2013 110\/22 KV<\/p><p>Ploturi 19 x 1.78 %<\/p><p>Uk = 11%<\/p><p>Pierderi fier \u2013 30 KW<\/p><p>Pierderi Cu \u2013 130 KW<\/p><div class=\"elementor-element elementor-element-fbee318 elementor-widget elementor-widget-text-editor\" data-id=\"fbee318\" data-element_type=\"widget\" data-widget_type=\"text-editor.default\"><div class=\"elementor-widget-container\"><div class=\"elementor-text-editor elementor-clearfix\"><p><strong>Transformator 2 &#8211; rezerva<\/strong><\/p><p>Puterea aparenta \u2013 1\u00d716 MVA<\/p><p>Raport de transformare \u2013 110\/22 KV<\/p><p>Ploturi 19 x 1.78 %<\/p><p>Uk = 10.18%<\/p><p>Pierderi fier \u2013 24 KW<\/p><p>Pierderi Cu \u2013 100 KW<\/p><p>Tratarea neutrului este realizata cu RN \u015fi BS pe bara 2 20kV de 50A.<\/p><\/div><\/div><\/div><\/div><\/div><\/div>\t\t\t\t\t<\/div>\n\t\t\t\t\t\t<\/div>\n\t\t\t\t<\/div>\n\t\t\t\t<div class=\"elementor-element elementor-element-26e159c elementor-widget elementor-widget-text-editor\" data-id=\"26e159c\" data-element_type=\"widget\" data-widget_type=\"text-editor.default\">\n\t\t\t\t<div class=\"elementor-widget-container\">\n\t\t\t\t\t\t\t\t<div class=\"elementor-text-editor elementor-clearfix\">\n\t\t\t\t<div class=\"elementor-element elementor-element-1651bce elementor-widget elementor-widget-text-editor\" data-id=\"1651bce\" data-element_type=\"widget\" data-widget_type=\"text-editor.default\"><div class=\"elementor-widget-container\"><div class=\"elementor-text-editor elementor-clearfix\"><div class=\"elementor-element elementor-element-0518b96 elementor-widget elementor-widget-text-editor\" data-id=\"0518b96\" data-element_type=\"widget\" data-widget_type=\"text-editor.default\"><div class=\"elementor-widget-container\"><div class=\"elementor-text-editor elementor-clearfix\"><p><strong>Sta\u0163ia de transformare 110\/20kV Buc\u015fa<\/strong><\/p><p><strong>Transformator 1- baza<\/strong><\/p><p>Puterea aparenta \u2013 1x 25 MVA<\/p><p>Raport de transformare \u2013 110\/22 KV<\/p><p>Ploturi 19 x 1.78 %<\/p><p>Uk = 11%<\/p><p>Pierderi fier \u2013 30 KW<\/p><p>Pierderi Cu \u2013 130 KW<\/p><p><strong>Transformator 2- rezerva<\/strong><\/p><p>Puterea aparenta \u2013 1\u00d716 MVA<\/p><p>Raport de transformare \u2013 110\/22 KV<\/p><p>Ploturi 19 x 1.78 %<\/p><p>Uk = 10.18%<\/p><p>Pierderi fier \u2013 24 KW<\/p><p>Pierderi Cu \u2013 100 KW<\/p><p>Tratarea neutrului este realizata cu RN \u015fi BS pe bara 2 20kV de 50A.<\/p><\/div><\/div><\/div><\/div><\/div><\/div>\t\t\t\t\t<\/div>\n\t\t\t\t\t\t<\/div>\n\t\t\t\t<\/div>\n\t\t\t\t<div class=\"elementor-element elementor-element-5b48d04 elementor-widget elementor-widget-text-editor\" data-id=\"5b48d04\" data-element_type=\"widget\" data-widget_type=\"text-editor.default\">\n\t\t\t\t<div class=\"elementor-widget-container\">\n\t\t\t\t\t\t\t\t<div class=\"elementor-text-editor elementor-clearfix\">\n\t\t\t\t<div class=\"elementor-element elementor-element-2e70baf elementor-widget elementor-widget-text-editor\" data-id=\"2e70baf\" data-element_type=\"widget\" data-widget_type=\"text-editor.default\"><div class=\"elementor-widget-container\"><div class=\"elementor-text-editor elementor-clearfix\"><p>M\u0103sura energiei electrice evacuate \u00een re\u0163eaua Enel, se realizeaza pe partea de medie tensiune, prin intermediul celulei de m\u0103sur\u0103 din PC 1(var.1) \/ PC Enel (var.2), echipat\u0103 cu 2 TC 200\/5A, clasa de precizie 0,2S, 2 TT 20\/0,1 kV, clasa de precizie 0,5 \u015fi un contor electronic de energie activ\u0103 \u015fi reactiv\u0103 cu dublu sens, clasa de precizie 0,2, prev\u0103zut cu curb\u0103 de sarcin\u0103, cu interfa\u0163\u0103 serial\u0103 RS 232, \u00een montaj indirect prin transformatoarele de curent \u015fi de tensiune din celula de m\u0103sur\u0103.<\/p><\/div><\/div><\/div>\t\t\t\t\t<\/div>\n\t\t\t\t\t\t<\/div>\n\t\t\t\t<\/div>\n\t\t\t\t<div class=\"elementor-element elementor-element-8875e32 elementor-widget elementor-widget-text-editor\" data-id=\"8875e32\" data-element_type=\"widget\" data-widget_type=\"text-editor.default\">\n\t\t\t\t<div class=\"elementor-widget-container\">\n\t\t\t\t\t\t\t\t<div class=\"elementor-text-editor elementor-clearfix\">\n\t\t\t\t<div class=\"elementor-element elementor-element-2e70baf elementor-widget elementor-widget-text-editor\" data-id=\"2e70baf\" data-element_type=\"widget\" data-widget_type=\"text-editor.default\"><div class=\"elementor-widget-container\"><div class=\"elementor-text-editor elementor-clearfix\"><p><strong>Grup \u00a0de celule medie tensiune\u00a0cu izola\u0163ie \u00een SF6,:<\/strong><\/p><ul><li>o celul\u0103 dispozitiv general (DG) echipat\u0103 conform Normei Tehnice;<\/li><li>o celul\u0103 pentru alimentarea protec\u0163iilor de interfa\u0163\u0103, echipat\u0103 separator de bare 24kV, 200A, 16 kA, siguran\u0163e fuzibile m.t. 6A, trei transformatoare de tensiune 20\/\u221a3\/0,1\/\u221a3\/0,1V\/3 kV, cls.05\/3P, 100 VA, dou\u0103 transformatoare de tensiune 20\/0,1 kV;<\/li><li>o celul\u0103 de linie echipat\u0103 cu separator 24 kV, 400 A, 16 kA, \u00eentreruptor 24 kV, 630 A, 16 kA, 3 TC 200\/1A, cls. 10P, separator de legare la p\u0103m\u00e2nt, indicator capacitiv de tensiune;<\/li><li>o celul\u0103 servicii interne, echipat\u0103 cu separator de sarcin\u0103 24kV, 400A, 16 kA combinat cu siguran\u0163e fuzibile 24kV, max. 2A, un transformator TSI 4 kVA, 20\/0,23 kV \u015fi siguran\u0163e automate bipolare 230 V, 25 A;<\/li><li>un tablou servicii interne pentru alimentare iluminat \u015fi prize \u00een punctul de conexiune, protec\u0163ii, unitate periferic\u0103, <br \/>leg\u0103tura \u00eentre celula de m\u0103sur\u0103 din compartimentul Enel \u015fi celula DG utilizator se va realiza cu cablu de cupru, 20 kV, cu sec\u0163iunea 3x(1\u00d7150\/25mm2), izola\u0163ie XLPE.<\/li><li>se va asigura alimentare din surs\u0103 U.P.S. a releului din celula DG;<\/li><li>punctul de conexiuni prev\u0103zut cu instala\u0163ie interioar\u0103 de legare la p\u0103m\u00e2nt cu Rp \u00a3 1W.<\/li><\/ul><\/div><\/div><\/div>\t\t\t\t\t<\/div>\n\t\t\t\t\t\t<\/div>\n\t\t\t\t<\/div>\n\t\t\t\t\t\t<\/div>\n\t\t\t\t\t<\/div>\n\t\t<\/div>\n\t\t\t\t<div class=\"elementor-column elementor-col-50 elementor-inner-column elementor-element elementor-element-6c2f376\" data-id=\"6c2f376\" data-element_type=\"column\" data-settings=\"{&quot;background_background&quot;:&quot;classic&quot;}\">\n\t\t\t<div class=\"elementor-column-wrap elementor-element-populated\">\n\t\t\t\t\t\t\t<div class=\"elementor-widget-wrap\">\n\t\t\t\t\t\t<div class=\"elementor-element elementor-element-b767ea4 elementor-widget elementor-widget-heading\" data-id=\"b767ea4\" data-element_type=\"widget\" data-widget_type=\"heading.default\">\n\t\t\t\t<div class=\"elementor-widget-container\">\n\t\t\t<p class=\"elementor-heading-title elementor-size-default elementor-heading-title elementor-size-default\">PARC FOTOVOLTAIC 5MW \u2013 jud. Ialomita<\/p>\t\t<\/div>\n\t\t\t\t<\/div>\n\t\t\t\t<div class=\"elementor-element elementor-element-4b0b092 elementor-widget elementor-widget-text-editor\" data-id=\"4b0b092\" data-element_type=\"widget\" data-widget_type=\"text-editor.default\">\n\t\t\t\t<div class=\"elementor-widget-container\">\n\t\t\t\t\t\t\t\t<div class=\"elementor-text-editor elementor-clearfix\">\n\t\t\t\t<div class=\"elementor-element elementor-element-1651bce elementor-widget elementor-widget-text-editor\" data-id=\"1651bce\" data-element_type=\"widget\" data-widget_type=\"text-editor.default\"><div class=\"elementor-widget-container\"><div class=\"elementor-text-editor elementor-clearfix\"><div class=\"elementor-element elementor-element-15d31f8 elementor-widget elementor-widget-text-editor\" data-id=\"15d31f8\" data-element_type=\"widget\" data-widget_type=\"text-editor.default\"><div class=\"elementor-widget-container\"><div class=\"elementor-text-editor elementor-clearfix\"><p><b>Parametri tehnici<\/b><\/p><\/div><\/div><\/div><div class=\"elementor-element elementor-element-6bf5852 elementor-widget elementor-widget-text-editor\" data-id=\"6bf5852\" data-element_type=\"widget\" data-widget_type=\"text-editor.default\"><div class=\"elementor-widget-container\"><div class=\"elementor-text-editor elementor-clearfix\"><p><strong>Puterea instalat\u0103 a parcului fotovoltaic- 5,0 MW \/ 5,0 MVA.<\/strong><\/p><ul><li><strong>puterea maxim debitat\u0103 de centrala fotovoltaic\u0103:<\/strong><\/li><\/ul><p><strong><em>P<sub>max deb\u00a0<\/sub>= 5000 kW \/ 5000 kVA<\/em><\/strong><\/p><p><strong><em>Evacuarea energiei produse se va realiza prin:<\/em><\/strong><\/p><p><strong><em>\u2013 50 invertoare de 100 kWp;<\/em><\/strong><\/p><p><strong><em>\u2013 4 cabine de transformatoare 5\u00d71000 kVA, 0,4 \/ 20 kV;<\/em><\/strong><\/p><p><strong><em>Consum propriu tehnologic P<sub>cteh<\/sub>\u00a0= 16,5 kW \/\u00a0 17,93 kVA<\/em><\/strong><\/p><ul><li><strong><em>servicii auxiliare P<sub>i<\/sub>\u00a0= 20 kW<\/em><\/strong><\/li><\/ul><p><strong><em>P<sub>max.abs<\/sub>\u00a0= 15 kW \/ S<sub>abs.abs<\/sub> = 16,3 kVA<\/em><\/strong><\/p><\/div><\/div><\/div><\/div><\/div><\/div>\t\t\t\t\t<\/div>\n\t\t\t\t\t\t<\/div>\n\t\t\t\t<\/div>\n\t\t\t\t<div class=\"elementor-element elementor-element-44caaba elementor-widget elementor-widget-text-editor\" data-id=\"44caaba\" data-element_type=\"widget\" data-widget_type=\"text-editor.default\">\n\t\t\t\t<div class=\"elementor-widget-container\">\n\t\t\t\t\t\t\t\t<div class=\"elementor-text-editor elementor-clearfix\">\n\t\t\t\t<div class=\"elementor-element elementor-element-fb47950 elementor-widget elementor-widget-text-editor\" data-id=\"fb47950\" data-element_type=\"widget\" data-widget_type=\"text-editor.default\"><div class=\"elementor-widget-container\"><div class=\"elementor-text-editor elementor-clearfix\"><p><strong>Sta\u0163ia de transformare 110\/20kV Buc\u015fa<\/strong><\/p><p><strong>Transformator 1- baza<\/strong><\/p><p>Puterea aparenta \u2013 1x 25 MVA<\/p><p>Raport de transformare \u2013 110\/22 KV<\/p><p>Ploturi 19 x 1.78 %<\/p><p>Uk = 11%<\/p><p>Pierderi fier \u2013 30 KW<\/p><p>Pierderi Cu \u2013 130 KW<\/p><p><strong>Transformator 2- rezerva<\/strong><\/p><p>Puterea aparenta \u2013 1\u00d716 MVA<\/p><p>Raport de transformare \u2013 110\/22 KV<\/p><p>Ploturi 19 x 1.78 %<\/p><p>Uk = 10.18%<\/p><p>Pierderi fier \u2013 24 KW<\/p><p>Pierderi Cu \u2013 100 KW<\/p><p>Tratarea neutrului este realizata cu RN \u015fi BS pe bara 2 20kV de 50A.<\/p><\/div><\/div><\/div>\t\t\t\t\t<\/div>\n\t\t\t\t\t\t<\/div>\n\t\t\t\t<\/div>\n\t\t\t\t<div class=\"elementor-element elementor-element-74dcd93 elementor-widget elementor-widget-text-editor\" data-id=\"74dcd93\" data-element_type=\"widget\" data-widget_type=\"text-editor.default\">\n\t\t\t\t<div class=\"elementor-widget-container\">\n\t\t\t\t\t\t\t\t<div class=\"elementor-text-editor elementor-clearfix\">\n\t\t\t\t<div class=\"elementor-element elementor-element-2e70baf elementor-widget elementor-widget-text-editor\" data-id=\"2e70baf\" data-element_type=\"widget\" data-widget_type=\"text-editor.default\"><div class=\"elementor-widget-container\"><div class=\"elementor-text-editor elementor-clearfix\"><p>M\u0103sura energiei electrice evacuate \u00een re\u0163eaua Enel, se realizeaza pe partea de medie tensiune, prin intermediul celulei de m\u0103sur\u0103 din PC 1(var.1) \/ PC Enel (var.2), echipat\u0103 cu 2 TC 200\/5A, clasa de precizie 0,2S, 2 TT 20\/0,1 kV, clasa de precizie 0,5 \u015fi un contor electronic de energie activ\u0103 \u015fi reactiv\u0103 cu dublu sens, clasa de precizie 0,2, prev\u0103zut cu curb\u0103 de sarcin\u0103, cu interfa\u0163\u0103 serial\u0103 RS 232, \u00een montaj indirect prin transformatoarele de curent \u015fi de tensiune din celula de m\u0103sur\u0103.<\/p><\/div><\/div><\/div>\t\t\t\t\t<\/div>\n\t\t\t\t\t\t<\/div>\n\t\t\t\t<\/div>\n\t\t\t\t<div class=\"elementor-element elementor-element-90db626 elementor-widget elementor-widget-text-editor\" data-id=\"90db626\" data-element_type=\"widget\" data-widget_type=\"text-editor.default\">\n\t\t\t\t<div class=\"elementor-widget-container\">\n\t\t\t\t\t\t\t\t<div class=\"elementor-text-editor elementor-clearfix\">\n\t\t\t\t<div class=\"elementor-element elementor-element-2e70baf elementor-widget elementor-widget-text-editor\" data-id=\"2e70baf\" data-element_type=\"widget\" data-widget_type=\"text-editor.default\"><div class=\"elementor-widget-container\"><div class=\"elementor-text-editor elementor-clearfix\"><p><strong>Lucr\u0103ri executate \u00een PC Enel nou<\/strong><\/p><p><strong>\u00cen compartimentul de racordare:<\/strong><\/p><p><strong>Montat grup de celule de medie tensiune format din:<\/strong><\/p><ul><li>o celul\u0103 de linie (LE), DY 803\/416;<\/li><li>o celul\u0103 de m\u0103sur\u0103 (UTM), DY 803\/316.<\/li><\/ul><p><strong><em>\u00cen compartimentul de m\u0103sur\u0103:<\/em><\/strong><\/p><p>Montat \u00a0\u00a0un contor electronic de energie activ\u0103 \u015fi reactiv\u0103 cu dublu sens, prev\u0103zut cu curb\u0103 de sarcin\u0103, cu interfa\u0163\u0103 serial\u0103 RS 232, \u00een montaj indirect prin 2 TC 200\/5 A \u015fi 2 TT 20\/0,1 kV.<\/p><p><em>Transformatoarele de curent \/ transformatoarele de tensiune \/ contorul au \u00a0clas\u0103 de precizie 0,2S\/0,5\/0,2.<\/em><\/p><p><strong>Lucr\u0103ri executate \u00een PC 1 nou, suprateran, prefabricat<\/strong><\/p><\/div><\/div><\/div>\t\t\t\t\t<\/div>\n\t\t\t\t\t\t<\/div>\n\t\t\t\t<\/div>\n\t\t\t\t<div class=\"elementor-element elementor-element-26dddeb elementor-widget elementor-widget-text-editor\" data-id=\"26dddeb\" data-element_type=\"widget\" data-widget_type=\"text-editor.default\">\n\t\t\t\t<div class=\"elementor-widget-container\">\n\t\t\t\t\t\t\t\t<div class=\"elementor-text-editor elementor-clearfix\">\n\t\t\t\t<p><strong>Montat grup celule medie tensiune cu izola\u0163ie \u00een SF6, compus din:<\/strong><\/p><ul><li>o celul\u0103 de linie echipat\u0103 cu separator 24 kV, 400 A, 16 kA, \u00eentreruptor 24 kV, 630 A, 16 kA, 3 TC 200\/1A, cls. 10P, separator de legare la p\u0103m\u00e2nt, indicator capacitiv de tensiune;<\/li><li>patru celule de linie echipate cu separator 24 kV, 400 A, 16 kA, \u00eentreruptor 24 kV, 630 A, 16 kA, 3 TC 50\/1A, cls. 10P, separator de legare la p\u0103m\u00e2nt, indicator capacitiv de tensiune;<\/li><li>o celul\u0103 de transformator cu separator de sarcin\u0103 24 kV, 400 A, 16 kA, siguran\u0163e fuzibile 24 kV, 2 A, cu\u0163ite de legare la p\u0103m\u00e2nt, indicator capacitiv de tensiune;<\/li><li>leg\u0103tura dintre celula de transformator \u015fi transformatorul de servicii auxiliare se va realiza cu cablu de aluminiu, 20 kV, sec\u0163iunea 3x1x150\/25 mm2, izola\u0163ie XLPE;<\/li><li>punctul de conexiuni va fi prev\u0103zut cu instala\u0163ie interioar\u0103 de legare la p\u0103m\u00e2nt cu Rp \u00a3 1W.<\/li><\/ul><p>Alimentarea serviciilor auxiliare (iluminat exterior, sistem supraveghere, cabine poart\u0103, etc.) realizata prin intermediul unui transformator trifazat de putere cu ulei 25 kVA, 20\/0,4 kV.<\/p>\t\t\t\t\t<\/div>\n\t\t\t\t\t\t<\/div>\n\t\t\t\t<\/div>\n\t\t\t\t\t\t<\/div>\n\t\t\t\t\t<\/div>\n\t\t<\/div>\n\t\t\t\t\t\t\t\t<\/div>\n\t\t\t\t\t<\/div>\n\t\t<\/section>\n\t\t\t\t\t\t<\/div>\n\t\t\t\t\t<\/div>\n\t\t<\/div>\n\t\t\t\t\t\t\t\t<\/div>\n\t\t\t\t\t<\/div>\n\t\t<\/section>\n\t\t\t\t<section class=\"elementor-section elementor-top-section elementor-element elementor-element-a18281d elementor-section-boxed elementor-section-height-default elementor-section-height-default\" data-id=\"a18281d\" data-element_type=\"section\" data-settings=\"{&quot;background_background&quot;:&quot;classic&quot;}\">\n\t\t\t\t\t\t\t<div class=\"elementor-background-overlay\"><\/div>\n\t\t\t\t\t\t\t<div class=\"elementor-container elementor-column-gap-default\">\n\t\t\t\t\t\t\t<div class=\"elementor-row\">\n\t\t\t\t\t<div class=\"elementor-column elementor-col-100 elementor-top-column elementor-element elementor-element-7d246de\" data-id=\"7d246de\" data-element_type=\"column\">\n\t\t\t<div class=\"elementor-column-wrap elementor-element-populated\">\n\t\t\t\t\t\t\t<div class=\"elementor-widget-wrap\">\n\t\t\t\t\t\t<div class=\"elementor-element elementor-element-88ba860 elementor-align-center elementor-widget elementor-widget-button\" data-id=\"88ba860\" data-element_type=\"widget\" data-widget_type=\"button.default\">\n\t\t\t\t<div class=\"elementor-widget-container\">\n\t\t\t\t\t<div class=\"elementor-button-wrapper\">\n\t\t\t<a href=\"https:\/\/geotechromania.ro\/as\/energie-regenerabila\" class=\"elementor-button-link elementor-button elementor-size-sm elementor-animation-grow\" role=\"button\">\n\t\t\t\t\t\t<span class=\"elementor-button-content-wrapper\">\n\t\t\t\t\t\t<span class=\"elementor-button-text\">inapoi pe pagina de solutii energie regenerabila<\/span>\n\t\t<\/span>\n\t\t\t\t\t<\/a>\n\t\t<\/div>\n\t\t\t\t<\/div>\n\t\t\t\t<\/div>\n\t\t\t\t\t\t<\/div>\n\t\t\t\t\t<\/div>\n\t\t<\/div>\n\t\t\t\t\t\t\t\t<\/div>\n\t\t\t\t\t<\/div>\n\t\t<\/section>\n\t\t\t\t\t\t<\/div>\n\t\t\t\t\t\t<\/div>\n\t\t\t\t\t<\/div>\n\t\t","protected":false},"excerpt":{"rendered":"<p>ENERGIE REGENERABIL\u0102 PROIECTARE \u0218I EXECU\u021aIE INSTALA\u021aII ELECTRICE PARC FOTOVOLTAIC 4MW \u2013 jud. Ialomita Parametri tehnici Puterea instalat\u0103 a&#8230;<\/p>\n","protected":false},"author":1,"featured_media":0,"parent":0,"menu_order":0,"comment_status":"closed","ping_status":"closed","template":"elementor_header_footer","meta":[],"_links":{"self":[{"href":"https:\/\/geotechromania.ro\/as\/wp-json\/wp\/v2\/pages\/12189"}],"collection":[{"href":"https:\/\/geotechromania.ro\/as\/wp-json\/wp\/v2\/pages"}],"about":[{"href":"https:\/\/geotechromania.ro\/as\/wp-json\/wp\/v2\/types\/page"}],"author":[{"embeddable":true,"href":"https:\/\/geotechromania.ro\/as\/wp-json\/wp\/v2\/users\/1"}],"replies":[{"embeddable":true,"href":"https:\/\/geotechromania.ro\/as\/wp-json\/wp\/v2\/comments?post=12189"}],"version-history":[{"count":16,"href":"https:\/\/geotechromania.ro\/as\/wp-json\/wp\/v2\/pages\/12189\/revisions"}],"predecessor-version":[{"id":12205,"href":"https:\/\/geotechromania.ro\/as\/wp-json\/wp\/v2\/pages\/12189\/revisions\/12205"}],"wp:attachment":[{"href":"https:\/\/geotechromania.ro\/as\/wp-json\/wp\/v2\/media?parent=12189"}],"curies":[{"name":"wp","href":"https:\/\/api.w.org\/{rel}","templated":true}]}}